{"id":24,"date":"2025-04-19T19:41:40","date_gmt":"2025-04-19T19:41:40","guid":{"rendered":"https:\/\/gourmettafel.ch\/?page_id=24"},"modified":"2025-06-13T09:17:53","modified_gmt":"2025-06-13T09:17:53","slug":"ihr-erlebnis","status":"publish","type":"page","link":"https:\/\/gourmettafel.ch\/index.php\/ihr-erlebnis\/","title":{"rendered":"Ihr Erlebnis"},"content":{"rendered":"\t\t<div data-elementor-type=\"wp-page\" data-elementor-id=\"24\" class=\"elementor elementor-24\">\n\t\t\t\t<div class=\"elementor-element elementor-element-76fb793 e-flex e-con-boxed e-con e-parent\" data-id=\"76fb793\" data-element_type=\"container\">\n\t\t\t\t\t<div class=\"e-con-inner\">\n\t\t\t\t<div class=\"elementor-element elementor-element-1b5c773 elementor-widget elementor-widget-heading\" data-id=\"1b5c773\" data-element_type=\"widget\" data-widget_type=\"heading.default\">\n\t\t\t\t<div class=\"elementor-widget-container\">\n\t\t\t\t\t<h3 class=\"elementor-heading-title elementor-size-default\">-Genuss beginnt mit Vertrauen-<\/h3>\t\t\t\t<\/div>\n\t\t\t\t<\/div>\n\t\t\t\t<div class=\"elementor-element elementor-element-79ec322 elementor-widget elementor-widget-heading\" data-id=\"79ec322\" data-element_type=\"widget\" data-widget_type=\"heading.default\">\n\t\t\t\t<div class=\"elementor-widget-container\">\n\t\t\t\t\t<h2 class=\"elementor-heading-title elementor-size-default\">Ihr Erlebnis<\/h2>\t\t\t\t<\/div>\n\t\t\t\t<\/div>\n\t\t\t\t<div class=\"elementor-element elementor-element-7ab35a3 elementor-widget elementor-widget-text-editor\" data-id=\"7ab35a3\" data-element_type=\"widget\" data-widget_type=\"text-editor.default\">\n\t\t\t\t<div class=\"elementor-widget-container\">\n\t\t\t\t\t\t\t\t\t<p class=\"\" data-start=\"149\" data-end=\"539\">Bei Gourmet Tafel tun wir alles daf\u00fcr, aus jedem Anlass ein unvergessliches Erlebnis zu machen. Mit viel Liebe zum Detail, hochwertigen Zutaten und pers\u00f6nlichem Service gestalten wir kulinarische Momente, die bleiben ganz individuell f\u00fcr Sie und Ihre G\u00e4ste<\/p>\t\t\t\t\t\t\t\t<\/div>\n\t\t\t\t<\/div>\n\t\t\t\t<div class=\"elementor-element elementor-element-0ef28c1 elementor-widget elementor-widget-spacer\" data-id=\"0ef28c1\" data-element_type=\"widget\" data-widget_type=\"spacer.default\">\n\t\t\t\t<div class=\"elementor-widget-container\">\n\t\t\t\t\t\t\t<div class=\"elementor-spacer\">\n\t\t\t<div class=\"elementor-spacer-inner\"><\/div>\n\t\t<\/div>\n\t\t\t\t\t\t<\/div>\n\t\t\t\t<\/div>\n\t\t\t\t\t<\/div>\n\t\t\t\t<\/div>\n\t\t<div class=\"elementor-element elementor-element-cc25e0d e-flex e-con-boxed e-con e-parent\" data-id=\"cc25e0d\" data-element_type=\"container\">\n\t\t\t\t\t<div class=\"e-con-inner\">\n\t\t\t\t<div class=\"elementor-element elementor-element-f204d59 elementor-widget-divider--view-line_text elementor-widget-divider--element-align-center elementor-widget elementor-widget-divider\" data-id=\"f204d59\" data-element_type=\"widget\" data-widget_type=\"divider.default\">\n\t\t\t\t<div class=\"elementor-widget-container\">\n\t\t\t\t\t\t\t<div class=\"elementor-divider\">\n\t\t\t<span class=\"elementor-divider-separator\">\n\t\t\t\t\t\t\t<span class=\"elementor-divider__text elementor-divider__element\">\n\t\t\t\tPrivate Chef\t\t\t\t<\/span>\n\t\t\t\t\t\t<\/span>\n\t\t<\/div>\n\t\t\t\t\t\t<\/div>\n\t\t\t\t<\/div>\n\t\t\t\t<div class=\"elementor-element elementor-element-c46406e elementor-widget elementor-widget-heading\" data-id=\"c46406e\" data-element_type=\"widget\" data-widget_type=\"heading.default\">\n\t\t\t\t<div class=\"elementor-widget-container\">\n\t\t\t\t\t<h3 class=\"elementor-heading-title elementor-size-default\">-Restaurantgenuss bei Ihnen zuhause-<\/h3>\t\t\t\t<\/div>\n\t\t\t\t<\/div>\n\t\t\t\t<div class=\"elementor-element elementor-element-3d97b2d elementor-widget elementor-widget-text-editor\" data-id=\"3d97b2d\" data-element_type=\"widget\" data-widget_type=\"text-editor.default\">\n\t\t\t\t<div class=\"elementor-widget-container\">\n\t\t\t\t\t\t\t\t\t<p>Erleben Sie die Eleganz eines Spitzenrestaurants \u2013 ganz privat, in Ihrem eigenen Zuhause. Als Ihr pers\u00f6nlicher Chef kreiere ich ein massgeschneidertes Men\u00fc, serviert mit allem Komfort, den Sie kennen und sch\u00e4tzen. Geniessen Sie herausragende K\u00fcche, echte Gastfreundschaft und volle Privatsph\u00e4re \u2013 f\u00fcr unvergessliche Abende in vertrauter Atmosph\u00e4re<\/p>\t\t\t\t\t\t\t\t<\/div>\n\t\t\t\t<\/div>\n\t\t\t\t<div class=\"elementor-element elementor-element-6914238 elementor-widget elementor-widget-spacer\" data-id=\"6914238\" data-element_type=\"widget\" data-widget_type=\"spacer.default\">\n\t\t\t\t<div class=\"elementor-widget-container\">\n\t\t\t\t\t\t\t<div class=\"elementor-spacer\">\n\t\t\t<div class=\"elementor-spacer-inner\"><\/div>\n\t\t<\/div>\n\t\t\t\t\t\t<\/div>\n\t\t\t\t<\/div>\n\t\t\t\t\t<\/div>\n\t\t\t\t<\/div>\n\t\t<div class=\"elementor-element elementor-element-4b80f45f e-flex e-con-boxed e-con e-parent\" data-id=\"4b80f45f\" data-element_type=\"container\">\n\t\t\t\t\t<div class=\"e-con-inner\">\n\t\t\t\t<div class=\"elementor-element elementor-element-195ed969 elementor-widget-divider--view-line_text elementor-widget-divider--element-align-center elementor-widget elementor-widget-divider\" data-id=\"195ed969\" data-element_type=\"widget\" data-widget_type=\"divider.default\">\n\t\t\t\t<div class=\"elementor-widget-container\">\n\t\t\t\t\t\t\t<div class=\"elementor-divider\">\n\t\t\t<span class=\"elementor-divider-separator\">\n\t\t\t\t\t\t\t<span class=\"elementor-divider__text elementor-divider__element\">\n\t\t\t\tEvents\t\t\t\t<\/span>\n\t\t\t\t\t\t<\/span>\n\t\t<\/div>\n\t\t\t\t\t\t<\/div>\n\t\t\t\t<\/div>\n\t\t\t\t<div class=\"elementor-element elementor-element-52b18d35 elementor-widget elementor-widget-heading\" data-id=\"52b18d35\" data-element_type=\"widget\" data-widget_type=\"heading.default\">\n\t\t\t\t<div class=\"elementor-widget-container\">\n\t\t\t\t\t<h3 class=\"elementor-heading-title elementor-size-default\">-ganz nach Ihrem Geschmack-<\/h3>\t\t\t\t<\/div>\n\t\t\t\t<\/div>\n\t\t\t\t<div class=\"elementor-element elementor-element-5f3e3de elementor-widget elementor-widget-text-editor\" data-id=\"5f3e3de\" data-element_type=\"widget\" data-widget_type=\"text-editor.default\">\n\t\t\t\t<div class=\"elementor-widget-container\">\n\t\t\t\t\t\t\t\t\t<p>Ob frische Sandwiches f\u00fcr Ihr Business-Meeting oder stilvolle Ap\u00e9ros mit Getr\u00e4nkeservice direkt bei Ihnen vor Ort \u2013 wir gestalten kulinarische Erlebnisse, die zu Ihrem Anlass passen. Mit Gourmet Tafel k\u00f6nnen Sie sich ganz aufs Netzwerken konzentrieren, w\u00e4hrend wir uns um den Rest k\u00fcmmern.<br data-start=\"482\" data-end=\"485\" \/>Wir schaffen eine Atmosph\u00e4re, in der gute Gespr\u00e4che entstehen und starke Verbindungen wachsen \u2013 f\u00fcr Events, die in Erinnerung bleiben.<\/p>\t\t\t\t\t\t\t\t<\/div>\n\t\t\t\t<\/div>\n\t\t\t\t<div class=\"elementor-element elementor-element-60318967 elementor-widget elementor-widget-spacer\" data-id=\"60318967\" data-element_type=\"widget\" data-widget_type=\"spacer.default\">\n\t\t\t\t<div class=\"elementor-widget-container\">\n\t\t\t\t\t\t\t<div class=\"elementor-spacer\">\n\t\t\t<div class=\"elementor-spacer-inner\"><\/div>\n\t\t<\/div>\n\t\t\t\t\t\t<\/div>\n\t\t\t\t<\/div>\n\t\t\t\t\t<\/div>\n\t\t\t\t<\/div>\n\t\t<div class=\"elementor-element elementor-element-a3cdd0e e-flex e-con-boxed e-con e-parent\" data-id=\"a3cdd0e\" data-element_type=\"container\">\n\t\t\t\t\t<div class=\"e-con-inner\">\n\t\t\t\t<div class=\"elementor-element elementor-element-b3511e4 elementor-widget-divider--view-line_text elementor-widget-divider--element-align-center elementor-widget elementor-widget-divider\" data-id=\"b3511e4\" data-element_type=\"widget\" data-widget_type=\"divider.default\">\n\t\t\t\t<div class=\"elementor-widget-container\">\n\t\t\t\t\t\t\t<div class=\"elementor-divider\">\n\t\t\t<span class=\"elementor-divider-separator\">\n\t\t\t\t\t\t\t<span class=\"elementor-divider__text elementor-divider__element\">\n\t\t\t\tAp\u00e9ro Riche\t\t\t\t<\/span>\n\t\t\t\t\t\t<\/span>\n\t\t<\/div>\n\t\t\t\t\t\t<\/div>\n\t\t\t\t<\/div>\n\t\t\t\t<div class=\"elementor-element elementor-element-6f11cedd elementor-widget elementor-widget-heading\" data-id=\"6f11cedd\" data-element_type=\"widget\" data-widget_type=\"heading.default\">\n\t\t\t\t<div class=\"elementor-widget-container\">\n\t\t\t\t\t<h3 class=\"elementor-heading-title elementor-size-default\">-das Beste aus zwei Welten-<\/h3>\t\t\t\t<\/div>\n\t\t\t\t<\/div>\n\t\t\t\t<div class=\"elementor-element elementor-element-1743e7f7 elementor-widget elementor-widget-text-editor\" data-id=\"1743e7f7\" data-element_type=\"widget\" data-widget_type=\"text-editor.default\">\n\t\t\t\t<div class=\"elementor-widget-container\">\n\t\t\t\t\t\t\t\t\t<p>Sie k\u00f6nnen sich nicht entscheiden zwischen einem klassischen Dinner und einem stilvollen Ap\u00e9ro? Dann ist unser Ap\u00e9ro Riche, auch bekannt als Flying Dinner, genau das Richtige f\u00fcr Sie. Wir verzaubern Ihre G\u00e4ste mit fein abgestimmten H\u00e4ppchen, die wie ein Men\u00fc aufgebaut sind \u2013 von der Vorspeise bis zum Dessert. F\u00fcr jeden Geschmack ist etwas dabei. So geniessen Sie kulinarische Vielfalt auf lockere, elegante Weise \u2013 ganz ohne stundenlanges Sitzen. Stattdessen bleibt Raum f\u00fcr Gespr\u00e4che, Bewegung und echtes Miteinander. Ein Genusskonzept, das Leichtigkeit und Raffinesse perfekt vereint.<\/p>\t\t\t\t\t\t\t\t<\/div>\n\t\t\t\t<\/div>\n\t\t\t\t<div class=\"elementor-element elementor-element-694ef26a elementor-widget elementor-widget-spacer\" data-id=\"694ef26a\" data-element_type=\"widget\" data-widget_type=\"spacer.default\">\n\t\t\t\t<div class=\"elementor-widget-container\">\n\t\t\t\t\t\t\t<div class=\"elementor-spacer\">\n\t\t\t<div class=\"elementor-spacer-inner\"><\/div>\n\t\t<\/div>\n\t\t\t\t\t\t<\/div>\n\t\t\t\t<\/div>\n\t\t\t\t\t<\/div>\n\t\t\t\t<\/div>\n\t\t\t\t<\/div>\n\t\t","protected":false},"excerpt":{"rendered":"<p>-Genuss beginnt mit Vertrauen- Ihr Erlebnis Bei Gourmet Tafel tun wir alles daf\u00fcr, aus jedem Anlass ein unvergessliches Erlebnis zu machen. Mit viel Liebe zum Detail, hochwertigen Zutaten und pers\u00f6nlichem Service gestalten wir kulinarische Momente, die bleiben ganz individuell f\u00fcr Sie und Ihre G\u00e4ste Private Chef -Restaurantgenuss bei Ihnen zuhause- Erleben Sie die Eleganz eines [&hellip;]<\/p>\n","protected":false},"author":1,"featured_media":0,"parent":0,"menu_order":0,"comment_status":"closed","ping_status":"closed","template":"","meta":{"footnotes":""},"class_list":["post-24","page","type-page","status-publish","hentry"],"_links":{"self":[{"href":"https:\/\/gourmettafel.ch\/index.php\/wp-json\/wp\/v2\/pages\/24","targetHints":{"allow":["GET"]}}],"collection":[{"href":"https:\/\/gourmettafel.ch\/index.php\/wp-json\/wp\/v2\/pages"}],"about":[{"href":"https:\/\/gourmettafel.ch\/index.php\/wp-json\/wp\/v2\/types\/page"}],"author":[{"embeddable":true,"href":"https:\/\/gourmettafel.ch\/index.php\/wp-json\/wp\/v2\/users\/1"}],"replies":[{"embeddable":true,"href":"https:\/\/gourmettafel.ch\/index.php\/wp-json\/wp\/v2\/comments?post=24"}],"version-history":[{"count":24,"href":"https:\/\/gourmettafel.ch\/index.php\/wp-json\/wp\/v2\/pages\/24\/revisions"}],"predecessor-version":[{"id":352,"href":"https:\/\/gourmettafel.ch\/index.php\/wp-json\/wp\/v2\/pages\/24\/revisions\/352"}],"wp:attachment":[{"href":"https:\/\/gourmettafel.ch\/index.php\/wp-json\/wp\/v2\/media?parent=24"}],"curies":[{"name":"wp","href":"https:\/\/api.w.org\/{rel}","templated":true}]}}